{"id":11,"date":"2016-09-14T12:22:51","date_gmt":"2016-09-14T10:22:51","guid":{"rendered":"https:\/\/wp.vishap.at\/wadotejutsu\/?page_id=11"},"modified":"2016-09-20T13:36:56","modified_gmt":"2016-09-20T11:36:56","slug":"trainingszeiten","status":"publish","type":"page","link":"http:\/\/wp.vishap.at\/wadotejutsu\/training\/trainingszeiten\/","title":{"rendered":"Trainingszeiten"},"content":{"rendered":"<div class=\"twoclick_social_bookmarks_post_11 social_share_privacy clearfix 1.6.4 locale-de_DE sprite-de_DE\"><\/div><div class=\"twoclick-js\"><script type=\"text\/javascript\">\/* <![CDATA[ *\/\njQuery(document).ready(function($){if($('.twoclick_social_bookmarks_post_11')){$('.twoclick_social_bookmarks_post_11').socialSharePrivacy({\"txt_help\":\"Wenn Sie diese Felder durch einen Klick aktivieren, werden Informationen an Facebook, Twitter, Flattr, Xing, t3n, LinkedIn, Pinterest oder Google eventuell ins Ausland \\u00fcbertragen und unter Umst\\u00e4nden auch dort gespeichert. N\\u00e4heres erfahren Sie durch einen Klick auf das <em>i<\\\/em>.\",\"settings_perma\":\"Dauerhaft aktivieren und Daten\\u00fcber-tragung zustimmen:\",\"info_link\":\"http:\\\/\\\/www.heise.de\\\/ct\\\/artikel\\\/2-Klicks-fuer-mehr-Datenschutz-1333879.html\",\"uri\":\"http:\\\/\\\/wp.vishap.at\\\/wadotejutsu\\\/training\\\/trainingszeiten\\\/\",\"post_id\":11,\"post_title_referrer_track\":\"Trainingszeiten\",\"display_infobox\":\"on\"});}});\n\/* ]]> *\/<\/script><\/div><p>Stundenplan f\u00fcr das Trainingsjahr 2016 &#8211; 2017<\/p>\n<p>Die Trainingszeiten gelten f\u00fcr das aktuelle Schuljahr! An schulfreien Tagen findet auch kein Training statt &#8211; f\u00fcr n\u00e4here Informationen beachte bitte unseren Newsletter.<\/p>\n<p>DIENSTAG\u00a0+\u00a0DONNERSTAG<br \/>\n18:00 &#8211; 19:15\u00a0\u00a0\u00a0\u00a0\u00a0\u00a0\u00a0\u00a0 Kindertraining<br \/>\n19:00 &#8211; 21:00\u00a0\u00a0\u00a0\u00a0\u00a0\u00a0\u00a0\u00a0 Erwachsenentraining<\/p>\n","protected":false},"excerpt":{"rendered":"<p>Stundenplan f\u00fcr das Trainingsjahr 2016 &#8211; 2017 Die Trainingszeiten gelten f\u00fcr das aktuelle Schuljahr! An schulfreien Tagen findet auch kein Training statt &#8211; f\u00fcr n\u00e4here Informationen beachte bitte unseren Newsletter. DIENSTAG\u00a0+\u00a0DONNERSTAG 18:00 &#8211; 19:15\u00a0\u00a0\u00a0\u00a0\u00a0\u00a0\u00a0\u00a0 Kindertraining 19:00 &#8211; 21:00\u00a0\u00a0\u00a0\u00a0\u00a0\u00a0\u00a0\u00a0 Erwachsenentraining<\/p>\n","protected":false},"author":12,"featured_media":0,"parent":58,"menu_order":0,"comment_status":"closed","ping_status":"closed","template":"","meta":{"footnotes":""},"class_list":["post-11","page","type-page","status-publish","hentry"],"yoast_head":"<!-- This site is optimized with the Yoast SEO plugin v27.5 - https:\/\/yoast.com\/product\/yoast-seo-wordpress\/ -->\n<title>Trainingszeiten - wado te jutsu<\/title>\n<meta name=\"robots\" content=\"index, follow, max-snippet:-1, max-image-preview:large, max-video-preview:-1\" \/>\n<link rel=\"canonical\" href=\"http:\/\/wp.vishap.at\/wadotejutsu\/training\/trainingszeiten\/\" \/>\n<meta property=\"og:locale\" content=\"de_DE\" \/>\n<meta property=\"og:type\" content=\"article\" \/>\n<meta property=\"og:title\" content=\"Trainingszeiten - wado te jutsu\" \/>\n<meta property=\"og:description\" content=\"Stundenplan f\u00fcr das Trainingsjahr 2016 &#8211; 2017 Die Trainingszeiten gelten f\u00fcr das aktuelle Schuljahr! An schulfreien Tagen findet auch kein Training statt &#8211; f\u00fcr n\u00e4here Informationen beachte bitte unseren Newsletter. DIENSTAG\u00a0+\u00a0DONNERSTAG 18:00 &#8211; 19:15\u00a0\u00a0\u00a0\u00a0\u00a0\u00a0\u00a0\u00a0 Kindertraining 19:00 &#8211; 21:00\u00a0\u00a0\u00a0\u00a0\u00a0\u00a0\u00a0\u00a0 Erwachsenentraining\" \/>\n<meta property=\"og:url\" content=\"http:\/\/wp.vishap.at\/wadotejutsu\/training\/trainingszeiten\/\" \/>\n<meta property=\"og:site_name\" content=\"wado te jutsu\" \/>\n<meta property=\"article:modified_time\" content=\"2016-09-20T11:36:56+00:00\" \/>\n<meta name=\"twitter:card\" content=\"summary_large_image\" \/>\n<script type=\"application\/ld+json\" class=\"yoast-schema-graph\">{\"@context\":\"https:\\\/\\\/schema.org\",\"@graph\":[{\"@type\":\"WebPage\",\"@id\":\"http:\\\/\\\/wp.vishap.at\\\/wadotejutsu\\\/training\\\/trainingszeiten\\\/\",\"url\":\"http:\\\/\\\/wp.vishap.at\\\/wadotejutsu\\\/training\\\/trainingszeiten\\\/\",\"name\":\"Trainingszeiten - wado te jutsu\",\"isPartOf\":{\"@id\":\"https:\\\/\\\/wp.vishap.at\\\/wadotejutsu\\\/#website\"},\"datePublished\":\"2016-09-14T10:22:51+00:00\",\"dateModified\":\"2016-09-20T11:36:56+00:00\",\"breadcrumb\":{\"@id\":\"http:\\\/\\\/wp.vishap.at\\\/wadotejutsu\\\/training\\\/trainingszeiten\\\/#breadcrumb\"},\"inLanguage\":\"de\",\"potentialAction\":[{\"@type\":\"ReadAction\",\"target\":[\"http:\\\/\\\/wp.vishap.at\\\/wadotejutsu\\\/training\\\/trainingszeiten\\\/\"]}]},{\"@type\":\"BreadcrumbList\",\"@id\":\"http:\\\/\\\/wp.vishap.at\\\/wadotejutsu\\\/training\\\/trainingszeiten\\\/#breadcrumb\",\"itemListElement\":[{\"@type\":\"ListItem\",\"position\":1,\"name\":\"Startseite\",\"item\":\"http:\\\/\\\/wp.vishap.at\\\/wadotejutsu\\\/\"},{\"@type\":\"ListItem\",\"position\":2,\"name\":\"Training\",\"item\":\"http:\\\/\\\/wp.vishap.at\\\/wadotejutsu\\\/training\\\/\"},{\"@type\":\"ListItem\",\"position\":3,\"name\":\"Trainingszeiten\"}]},{\"@type\":\"WebSite\",\"@id\":\"https:\\\/\\\/wp.vishap.at\\\/wadotejutsu\\\/#website\",\"url\":\"https:\\\/\\\/wp.vishap.at\\\/wadotejutsu\\\/\",\"name\":\"wado te jutsu\",\"description\":\"Eine weitere wp Website\",\"potentialAction\":[{\"@type\":\"SearchAction\",\"target\":{\"@type\":\"EntryPoint\",\"urlTemplate\":\"https:\\\/\\\/wp.vishap.at\\\/wadotejutsu\\\/?s={search_term_string}\"},\"query-input\":{\"@type\":\"PropertyValueSpecification\",\"valueRequired\":true,\"valueName\":\"search_term_string\"}}],\"inLanguage\":\"de\"}]}<\/script>\n<!-- \/ Yoast SEO plugin. -->","yoast_head_json":{"title":"Trainingszeiten - wado te jutsu","robots":{"index":"index","follow":"follow","max-snippet":"max-snippet:-1","max-image-preview":"max-image-preview:large","max-video-preview":"max-video-preview:-1"},"canonical":"http:\/\/wp.vishap.at\/wadotejutsu\/training\/trainingszeiten\/","og_locale":"de_DE","og_type":"article","og_title":"Trainingszeiten - wado te jutsu","og_description":"Stundenplan f\u00fcr das Trainingsjahr 2016 &#8211; 2017 Die Trainingszeiten gelten f\u00fcr das aktuelle Schuljahr! An schulfreien Tagen findet auch kein Training statt &#8211; f\u00fcr n\u00e4here Informationen beachte bitte unseren Newsletter. DIENSTAG\u00a0+\u00a0DONNERSTAG 18:00 &#8211; 19:15\u00a0\u00a0\u00a0\u00a0\u00a0\u00a0\u00a0\u00a0 Kindertraining 19:00 &#8211; 21:00\u00a0\u00a0\u00a0\u00a0\u00a0\u00a0\u00a0\u00a0 Erwachsenentraining","og_url":"http:\/\/wp.vishap.at\/wadotejutsu\/training\/trainingszeiten\/","og_site_name":"wado te jutsu","article_modified_time":"2016-09-20T11:36:56+00:00","twitter_card":"summary_large_image","schema":{"@context":"https:\/\/schema.org","@graph":[{"@type":"WebPage","@id":"http:\/\/wp.vishap.at\/wadotejutsu\/training\/trainingszeiten\/","url":"http:\/\/wp.vishap.at\/wadotejutsu\/training\/trainingszeiten\/","name":"Trainingszeiten - wado te jutsu","isPartOf":{"@id":"https:\/\/wp.vishap.at\/wadotejutsu\/#website"},"datePublished":"2016-09-14T10:22:51+00:00","dateModified":"2016-09-20T11:36:56+00:00","breadcrumb":{"@id":"http:\/\/wp.vishap.at\/wadotejutsu\/training\/trainingszeiten\/#breadcrumb"},"inLanguage":"de","potentialAction":[{"@type":"ReadAction","target":["http:\/\/wp.vishap.at\/wadotejutsu\/training\/trainingszeiten\/"]}]},{"@type":"BreadcrumbList","@id":"http:\/\/wp.vishap.at\/wadotejutsu\/training\/trainingszeiten\/#breadcrumb","itemListElement":[{"@type":"ListItem","position":1,"name":"Startseite","item":"http:\/\/wp.vishap.at\/wadotejutsu\/"},{"@type":"ListItem","position":2,"name":"Training","item":"http:\/\/wp.vishap.at\/wadotejutsu\/training\/"},{"@type":"ListItem","position":3,"name":"Trainingszeiten"}]},{"@type":"WebSite","@id":"https:\/\/wp.vishap.at\/wadotejutsu\/#website","url":"https:\/\/wp.vishap.at\/wadotejutsu\/","name":"wado te jutsu","description":"Eine weitere wp Website","potentialAction":[{"@type":"SearchAction","target":{"@type":"EntryPoint","urlTemplate":"https:\/\/wp.vishap.at\/wadotejutsu\/?s={search_term_string}"},"query-input":{"@type":"PropertyValueSpecification","valueRequired":true,"valueName":"search_term_string"}}],"inLanguage":"de"}]}},"_links":{"self":[{"href":"https:\/\/wp.vishap.at\/wadotejutsu\/wp-json\/wp\/v2\/pages\/11","targetHints":{"allow":["GET"]}}],"collection":[{"href":"https:\/\/wp.vishap.at\/wadotejutsu\/wp-json\/wp\/v2\/pages"}],"about":[{"href":"https:\/\/wp.vishap.at\/wadotejutsu\/wp-json\/wp\/v2\/types\/page"}],"author":[{"embeddable":true,"href":"https:\/\/wp.vishap.at\/wadotejutsu\/wp-json\/wp\/v2\/users\/12"}],"replies":[{"embeddable":true,"href":"https:\/\/wp.vishap.at\/wadotejutsu\/wp-json\/wp\/v2\/comments?post=11"}],"version-history":[{"count":7,"href":"https:\/\/wp.vishap.at\/wadotejutsu\/wp-json\/wp\/v2\/pages\/11\/revisions"}],"predecessor-version":[{"id":60,"href":"https:\/\/wp.vishap.at\/wadotejutsu\/wp-json\/wp\/v2\/pages\/11\/revisions\/60"}],"up":[{"embeddable":true,"href":"https:\/\/wp.vishap.at\/wadotejutsu\/wp-json\/wp\/v2\/pages\/58"}],"wp:attachment":[{"href":"https:\/\/wp.vishap.at\/wadotejutsu\/wp-json\/wp\/v2\/media?parent=11"}],"curies":[{"name":"wp","href":"https:\/\/api.w.org\/{rel}","templated":true}]}}