{"id":76,"date":"2016-09-20T13:54:11","date_gmt":"2016-09-20T11:54:11","guid":{"rendered":"https:\/\/wp.vishap.at\/wadotejutsu\/?page_id=76"},"modified":"2016-10-28T20:41:00","modified_gmt":"2016-10-28T18:41:00","slug":"impressum","status":"publish","type":"page","link":"http:\/\/wp.vishap.at\/wadotejutsu\/impressum\/","title":{"rendered":"Impressum"},"content":{"rendered":"<div class=\"twoclick_social_bookmarks_post_76 social_share_privacy clearfix 1.6.4 locale-de_DE sprite-de_DE\"><\/div><div class=\"twoclick-js\"><script type=\"text\/javascript\">\/* <![CDATA[ *\/\njQuery(document).ready(function($){if($('.twoclick_social_bookmarks_post_76')){$('.twoclick_social_bookmarks_post_76').socialSharePrivacy({\"txt_help\":\"Wenn Sie diese Felder durch einen Klick aktivieren, werden Informationen an Facebook, Twitter, Flattr, Xing, t3n, LinkedIn, Pinterest oder Google eventuell ins Ausland \\u00fcbertragen und unter Umst\\u00e4nden auch dort gespeichert. N\\u00e4heres erfahren Sie durch einen Klick auf das <em>i<\\\/em>.\",\"settings_perma\":\"Dauerhaft aktivieren und Daten\\u00fcber-tragung zustimmen:\",\"info_link\":\"http:\\\/\\\/www.heise.de\\\/ct\\\/artikel\\\/2-Klicks-fuer-mehr-Datenschutz-1333879.html\",\"uri\":\"http:\\\/\\\/wp.vishap.at\\\/wadotejutsu\\\/impressum\\\/\",\"post_id\":76,\"post_title_referrer_track\":\"Impressum\",\"display_infobox\":\"on\"});}});\n\/* ]]> *\/<\/script><\/div><p>Information gem\u00e4\u00df \u00a7 5 Abs. 1 ECG und Offenlegung gem\u00e4\u00df \u00a7 25 MedienG:<\/p>\n<p><strong>Wado Te Jutsu<\/strong><br \/>\nAlexander Ditscheiner<br \/>\nDoktor<br \/>\nNu\u00dfgasse 1<br \/>\n1090\u00a0Wien<br \/>\n\u00d6sterreich<\/p>\n<p>Telefon: +43\u00a0xxx xxxxxxx<br \/>\nE-Mail: wado-te-jutsu@gmx.at<br \/>\nWebseite: www.wadotejutsu.at<\/p>\n<p>Haftungshinweis: S\u00e4mtliche Texte auf der Website wurden sorgf\u00e4ltig gepr\u00fcft. Dessen ungeachtet kann keine Garantie f\u00fcr Richtigkeit, Vollst\u00e4ndigkeit und Aktualit\u00e4t der Angaben \u00fcbernommen werden.<\/p>\n<p>Copyright: S\u00e4mtliche Texte, Grafiken und Bilder sind urheberrechtlich gesch\u00fctzt; eine Verwendung ist nur mit ausdr\u00fccklicher Genehmigung des Erstellers Alexander\u00a0Ditscheiner zul\u00e4ssig.<\/p>\n","protected":false},"excerpt":{"rendered":"<p>Information gem\u00e4\u00df \u00a7 5 Abs. 1 ECG und Offenlegung gem\u00e4\u00df \u00a7 25 MedienG: Wado Te Jutsu Alexander Ditscheiner Doktor Nu\u00dfgasse 1 1090\u00a0Wien \u00d6sterreich Telefon: +43\u00a0xxx xxxxxxx E-Mail: wado-te-jutsu@gmx.at Webseite: www.wadotejutsu.at Haftungshinweis: S\u00e4mtliche Texte auf der Website wurden sorgf\u00e4ltig gepr\u00fcft. Dessen &hellip; <a href=\"http:\/\/wp.vishap.at\/wadotejutsu\/impressum\/\">Weiterlesen <span class=\"meta-nav\">&rarr;<\/span><\/a><\/p>\n","protected":false},"author":12,"featured_media":0,"parent":0,"menu_order":0,"comment_status":"closed","ping_status":"closed","template":"","meta":{"footnotes":""},"class_list":["post-76","page","type-page","status-publish","hentry"],"yoast_head":"<!-- This site is optimized with the Yoast SEO plugin v27.5 - https:\/\/yoast.com\/product\/yoast-seo-wordpress\/ -->\n<title>Impressum - wado te jutsu<\/title>\n<meta name=\"robots\" content=\"index, follow, max-snippet:-1, max-image-preview:large, max-video-preview:-1\" \/>\n<link rel=\"canonical\" href=\"http:\/\/wp.vishap.at\/wadotejutsu\/impressum\/\" \/>\n<meta property=\"og:locale\" content=\"de_DE\" \/>\n<meta property=\"og:type\" content=\"article\" \/>\n<meta property=\"og:title\" content=\"Impressum - wado te jutsu\" \/>\n<meta property=\"og:description\" content=\"Information gem\u00e4\u00df \u00a7 5 Abs. 1 ECG und Offenlegung gem\u00e4\u00df \u00a7 25 MedienG: Wado Te Jutsu Alexander Ditscheiner Doktor Nu\u00dfgasse 1 1090\u00a0Wien \u00d6sterreich Telefon: +43\u00a0xxx xxxxxxx E-Mail: wado-te-jutsu@gmx.at Webseite: www.wadotejutsu.at Haftungshinweis: S\u00e4mtliche Texte auf der Website wurden sorgf\u00e4ltig gepr\u00fcft. Dessen &hellip; Weiterlesen &rarr;\" \/>\n<meta property=\"og:url\" content=\"http:\/\/wp.vishap.at\/wadotejutsu\/impressum\/\" \/>\n<meta property=\"og:site_name\" content=\"wado te jutsu\" \/>\n<meta property=\"article:modified_time\" content=\"2016-10-28T18:41:00+00:00\" \/>\n<meta name=\"twitter:card\" content=\"summary_large_image\" \/>\n<script type=\"application\/ld+json\" class=\"yoast-schema-graph\">{\"@context\":\"https:\\\/\\\/schema.org\",\"@graph\":[{\"@type\":\"WebPage\",\"@id\":\"http:\\\/\\\/wp.vishap.at\\\/wadotejutsu\\\/impressum\\\/\",\"url\":\"http:\\\/\\\/wp.vishap.at\\\/wadotejutsu\\\/impressum\\\/\",\"name\":\"Impressum - wado te jutsu\",\"isPartOf\":{\"@id\":\"https:\\\/\\\/wp.vishap.at\\\/wadotejutsu\\\/#website\"},\"datePublished\":\"2016-09-20T11:54:11+00:00\",\"dateModified\":\"2016-10-28T18:41:00+00:00\",\"breadcrumb\":{\"@id\":\"http:\\\/\\\/wp.vishap.at\\\/wadotejutsu\\\/impressum\\\/#breadcrumb\"},\"inLanguage\":\"de\",\"potentialAction\":[{\"@type\":\"ReadAction\",\"target\":[\"http:\\\/\\\/wp.vishap.at\\\/wadotejutsu\\\/impressum\\\/\"]}]},{\"@type\":\"BreadcrumbList\",\"@id\":\"http:\\\/\\\/wp.vishap.at\\\/wadotejutsu\\\/impressum\\\/#breadcrumb\",\"itemListElement\":[{\"@type\":\"ListItem\",\"position\":1,\"name\":\"Startseite\",\"item\":\"http:\\\/\\\/wp.vishap.at\\\/wadotejutsu\\\/\"},{\"@type\":\"ListItem\",\"position\":2,\"name\":\"Impressum\"}]},{\"@type\":\"WebSite\",\"@id\":\"https:\\\/\\\/wp.vishap.at\\\/wadotejutsu\\\/#website\",\"url\":\"https:\\\/\\\/wp.vishap.at\\\/wadotejutsu\\\/\",\"name\":\"wado te jutsu\",\"description\":\"Eine weitere wp Website\",\"potentialAction\":[{\"@type\":\"SearchAction\",\"target\":{\"@type\":\"EntryPoint\",\"urlTemplate\":\"https:\\\/\\\/wp.vishap.at\\\/wadotejutsu\\\/?s={search_term_string}\"},\"query-input\":{\"@type\":\"PropertyValueSpecification\",\"valueRequired\":true,\"valueName\":\"search_term_string\"}}],\"inLanguage\":\"de\"}]}<\/script>\n<!-- \/ Yoast SEO plugin. -->","yoast_head_json":{"title":"Impressum - wado te jutsu","robots":{"index":"index","follow":"follow","max-snippet":"max-snippet:-1","max-image-preview":"max-image-preview:large","max-video-preview":"max-video-preview:-1"},"canonical":"http:\/\/wp.vishap.at\/wadotejutsu\/impressum\/","og_locale":"de_DE","og_type":"article","og_title":"Impressum - wado te jutsu","og_description":"Information gem\u00e4\u00df \u00a7 5 Abs. 1 ECG und Offenlegung gem\u00e4\u00df \u00a7 25 MedienG: Wado Te Jutsu Alexander Ditscheiner Doktor Nu\u00dfgasse 1 1090\u00a0Wien \u00d6sterreich Telefon: +43\u00a0xxx xxxxxxx E-Mail: wado-te-jutsu@gmx.at Webseite: www.wadotejutsu.at Haftungshinweis: S\u00e4mtliche Texte auf der Website wurden sorgf\u00e4ltig gepr\u00fcft. Dessen &hellip; Weiterlesen &rarr;","og_url":"http:\/\/wp.vishap.at\/wadotejutsu\/impressum\/","og_site_name":"wado te jutsu","article_modified_time":"2016-10-28T18:41:00+00:00","twitter_card":"summary_large_image","schema":{"@context":"https:\/\/schema.org","@graph":[{"@type":"WebPage","@id":"http:\/\/wp.vishap.at\/wadotejutsu\/impressum\/","url":"http:\/\/wp.vishap.at\/wadotejutsu\/impressum\/","name":"Impressum - wado te jutsu","isPartOf":{"@id":"https:\/\/wp.vishap.at\/wadotejutsu\/#website"},"datePublished":"2016-09-20T11:54:11+00:00","dateModified":"2016-10-28T18:41:00+00:00","breadcrumb":{"@id":"http:\/\/wp.vishap.at\/wadotejutsu\/impressum\/#breadcrumb"},"inLanguage":"de","potentialAction":[{"@type":"ReadAction","target":["http:\/\/wp.vishap.at\/wadotejutsu\/impressum\/"]}]},{"@type":"BreadcrumbList","@id":"http:\/\/wp.vishap.at\/wadotejutsu\/impressum\/#breadcrumb","itemListElement":[{"@type":"ListItem","position":1,"name":"Startseite","item":"http:\/\/wp.vishap.at\/wadotejutsu\/"},{"@type":"ListItem","position":2,"name":"Impressum"}]},{"@type":"WebSite","@id":"https:\/\/wp.vishap.at\/wadotejutsu\/#website","url":"https:\/\/wp.vishap.at\/wadotejutsu\/","name":"wado te jutsu","description":"Eine weitere wp Website","potentialAction":[{"@type":"SearchAction","target":{"@type":"EntryPoint","urlTemplate":"https:\/\/wp.vishap.at\/wadotejutsu\/?s={search_term_string}"},"query-input":{"@type":"PropertyValueSpecification","valueRequired":true,"valueName":"search_term_string"}}],"inLanguage":"de"}]}},"_links":{"self":[{"href":"https:\/\/wp.vishap.at\/wadotejutsu\/wp-json\/wp\/v2\/pages\/76","targetHints":{"allow":["GET"]}}],"collection":[{"href":"https:\/\/wp.vishap.at\/wadotejutsu\/wp-json\/wp\/v2\/pages"}],"about":[{"href":"https:\/\/wp.vishap.at\/wadotejutsu\/wp-json\/wp\/v2\/types\/page"}],"author":[{"embeddable":true,"href":"https:\/\/wp.vishap.at\/wadotejutsu\/wp-json\/wp\/v2\/users\/12"}],"replies":[{"embeddable":true,"href":"https:\/\/wp.vishap.at\/wadotejutsu\/wp-json\/wp\/v2\/comments?post=76"}],"version-history":[{"count":3,"href":"https:\/\/wp.vishap.at\/wadotejutsu\/wp-json\/wp\/v2\/pages\/76\/revisions"}],"predecessor-version":[{"id":116,"href":"https:\/\/wp.vishap.at\/wadotejutsu\/wp-json\/wp\/v2\/pages\/76\/revisions\/116"}],"wp:attachment":[{"href":"https:\/\/wp.vishap.at\/wadotejutsu\/wp-json\/wp\/v2\/media?parent=76"}],"curies":[{"name":"wp","href":"https:\/\/api.w.org\/{rel}","templated":true}]}}